{"id":21,"date":"2023-04-26T10:10:49","date_gmt":"2023-04-26T08:10:49","guid":{"rendered":"https:\/\/www.hwr.ch\/?page_id=21"},"modified":"2024-02-13T08:38:58","modified_gmt":"2024-02-13T07:38:58","slug":"holz","status":"publish","type":"page","link":"https:\/\/www.hwr.ch\/fr\/hwr\/holz\/","title":{"rendered":"Bois"},"content":{"rendered":"<p id=\"block-23662921-47b3-4b3c-afcf-742151d00dc7\" style=\"font-size:24px\">Le bois est toujours vivant. Il grandit, travaille et vieillit - comme nous, les humains. <\/p>\n\n\n\n<p>Frank Glenz<br><br><\/p>\n\n\n\n<div class=\"wp-block-media-text alignwide is-stacked-on-mobile\" id=\"alpine-chaletdielen\"><figure class=\"wp-block-media-text__media\"><img loading=\"lazy\" decoding=\"async\" width=\"1024\" height=\"1024\" src=\"https:\/\/www.hwr.ch\/wp-content\/uploads\/2023\/05\/Apline-Chaletdielen-1-1024x1024.jpg\" alt=\"\" class=\"wp-image-349 size-full\" srcset=\"https:\/\/www.hwr.ch\/wp-content\/uploads\/2023\/05\/Apline-Chaletdielen-1-1024x1024.jpg 1024w, https:\/\/www.hwr.ch\/wp-content\/uploads\/2023\/05\/Apline-Chaletdielen-1-300x300.jpg 300w, https:\/\/www.hwr.ch\/wp-content\/uploads\/2023\/05\/Apline-Chaletdielen-1-150x150.jpg 150w, https:\/\/www.hwr.ch\/wp-content\/uploads\/2023\/05\/Apline-Chaletdielen-1-768x768.jpg 768w, https:\/\/www.hwr.ch\/wp-content\/uploads\/2023\/05\/Apline-Chaletdielen-1-1536x1536.jpg 1536w, https:\/\/www.hwr.ch\/wp-content\/uploads\/2023\/05\/Apline-Chaletdielen-1-2048x2048.jpg 2048w\" sizes=\"auto, (max-width: 1024px) 100vw, 1024px\" \/><\/figure><div class=\"wp-block-media-text__content\">\n<h2 class=\"wp-block-heading\">Parquet \u201eAlpine-Chaletdielen\u201c<\/h2>\n\n\n\n<p>Nous produisons le parquet construit en 3-plis compos\u00e9 d\u2019une couche de rev\u00eatement individuelle et d\u2019au moins une couche inf\u00e9rieure. Il est extr\u00eamement r\u00e9sistant \u00e0 la torsion et convient \u00e9galement au collage sur les chauffages au sol.<\/p>\n\n\n\n<p>Avec une longueur allant jusqu'\u00e0 7 m\u00e8tres, le bois donne de l'ampleur au chalet et met en valeur les caract\u00e9ristiques fascinantes du bois. <\/p>\n\n\n\n<p>Gr\u00e2ce \u00e0 la structure l\u00e9g\u00e8re, le bois est \u00e9galement un excellent rev\u00eatement pour les murs et les plafonds.<\/p>\n<\/div><\/div>\n\n\n\n<div class=\"wp-block-media-text alignwide has-media-on-the-right is-stacked-on-mobile\" id=\"hobelwaren\"><div class=\"wp-block-media-text__content\">\n<h2 class=\"wp-block-heading\">Bois rabot\u00e9<\/h2>\n\n\n\n<p>Des rev\u00eatements de mur et de plafond de diff\u00e9rentes qualit\u00e9s, \u00e9paisseurs, profils et surfaces, des <br>lambris en bois massif et des plafonds avec frises, chez nous, vous obtenez tout d'une seule main. <\/p>\n\n\n\n<p>Vous trouverez \u00e9galement des rev\u00eatements ext\u00e9rieurs et de plafond en planches rain\u00e9es cr\u00eat\u00e9es ou avec des liteaux en T, des lames de plancher pour balcon, de la boiserie pour des portes de garage etc.&nbsp;&nbsp;<\/p>\n\n\n\n<p>Dans notre \u00ab<a href=\"https:\/\/www.hwr.ch\/wp-content\/uploads\/2023\/05\/Artikelliste-Holz.pdf\" data-type=\"URL\" data-id=\"https:\/\/www.hwr.ch\/wp-content\/uploads\/2023\/05\/Detailliste-Holz.pdf\" target=\"_blank\" rel=\"noreferrer noopener\">liste d'articles en bois<\/a>\u00bb vous trouverez un aper\u00e7u plus d\u00e9taill\u00e9 de notre gamme de produits. <\/p>\n<\/div><figure class=\"wp-block-media-text__media\"><img loading=\"lazy\" decoding=\"async\" width=\"1024\" height=\"1024\" src=\"https:\/\/www.hwr.ch\/wp-content\/uploads\/2023\/05\/IMG_8583-960960-1024x1024.jpg\" alt=\"\" class=\"wp-image-950 size-full\"\/><\/figure><\/div>\n\n\n\n<div class=\"wp-block-media-text alignwide is-stacked-on-mobile\" id=\"rundholz\"><figure class=\"wp-block-media-text__media\"><img loading=\"lazy\" decoding=\"async\" width=\"1024\" height=\"1024\" src=\"https:\/\/www.hwr.ch\/wp-content\/uploads\/2023\/05\/hwr-063-scaled-e1684844964565-1024x1024.jpg\" alt=\"\" class=\"wp-image-1057 size-full\" srcset=\"https:\/\/www.hwr.ch\/wp-content\/uploads\/2023\/05\/hwr-063-scaled-e1684844964565-1024x1024.jpg 1024w, https:\/\/www.hwr.ch\/wp-content\/uploads\/2023\/05\/hwr-063-scaled-e1684844964565-300x300.jpg 300w, https:\/\/www.hwr.ch\/wp-content\/uploads\/2023\/05\/hwr-063-scaled-e1684844964565-150x150.jpg 150w, https:\/\/www.hwr.ch\/wp-content\/uploads\/2023\/05\/hwr-063-scaled-e1684844964565-768x768.jpg 768w, https:\/\/www.hwr.ch\/wp-content\/uploads\/2023\/05\/hwr-063-scaled-e1684844964565-1536x1536.jpg 1536w, https:\/\/www.hwr.ch\/wp-content\/uploads\/2023\/05\/hwr-063-scaled-e1684844964565.jpg 1920w\" sizes=\"auto, (max-width: 1024px) 100vw, 1024px\" \/><\/figure><div class=\"wp-block-media-text__content\">\n<h2 class=\"wp-block-heading\">Bois rond<\/h2>\n\n\n\n<p>Sur une surface d\u2019environ 40\u2019000m\u00b2 nous stockons nos plots parfois pendant plusieurs ann\u00e9es afin d\u2019atteindre le degr\u00e9 d\u2019humidit\u00e9 \u00abs\u00e9ch\u00e9 \u00e0 l'air\u00bb (environ 18%).&nbsp;<\/p>\n\n\n\n<p>Les longueurs de stockage jusqu\u2019\u00e0 5m sont notre standard. Des plots plus longs sont disponibles en petite quantit\u00e9. Nous proposons des plots de bois de m\u00e9l\u00e8ze, de douglas et de ch\u00eane ainsi que des plots de bois d\u2019\u00e9pic\u00e9a qualifi\u00e9s \u00e0 la menuiserie et la charpenterie.&nbsp;<\/p>\n\n\n\n<p>Si vous le souhaitez, les planches peuvent \u00eatre s\u00e9ch\u00e9es post\u00e9rieurement \u00e0 l'aide de moyens techniques.<\/p>\n<\/div><\/div>\n\n\n\n<div aria-label=\"Carousel Gallery\" class=\"wp-block-coblocks-gallery-carousel alignwide\"><div class=\"coblocks-gallery-carousel-swiper-container is-cropped coblocks-gallery has-caption-style-dark has-horizontal-gutter has-no-thumbnails\"><div class=\"has-carousel has-carousel-lrg swiper-container\" data-swiper=\"{&quot;alignCells&quot;:false,&quot;autoPlay&quot;:true,&quot;autoPlaySpeed&quot;:&quot;8000&quot;,&quot;draggable&quot;:true,&quot;freeMode&quot;:false,&quot;loop&quot;:true,&quot;navigation&quot;:true,&quot;pageDots&quot;:false,&quot;pauseHover&quot;:true,&quot;responsiveHeight&quot;:false,&quot;slidesPerView&quot;:2,&quot;thumbnails&quot;:false,&quot;uuid&quot;:&quot;12345&quot;}\" style=\"height:400px\"><div class=\"swiper-wrapper\"><div class=\"swiper-slide\"><div class=\"coblocks-gallery--item\" role=\"button\" tabindex=\"0\"><figure class=\"coblocks-gallery--figure has-margin-left-5 has-margin-right-5\"><img loading=\"lazy\" decoding=\"async\" width=\"1024\" height=\"768\" alt=\"\" class=\"wp-image-1097\" data-id=\"1097\" data-link=\"https:\/\/www.hwr.ch\/img_0868\/\" src=\"https:\/\/www.hwr.ch\/wp-content\/uploads\/2023\/05\/IMG_0868-1024x768.jpg\" srcset=\"https:\/\/www.hwr.ch\/wp-content\/uploads\/2023\/05\/IMG_0868-1024x768.jpg 1024w, https:\/\/www.hwr.ch\/wp-content\/uploads\/2023\/05\/IMG_0868-300x225.jpg 300w, https:\/\/www.hwr.ch\/wp-content\/uploads\/2023\/05\/IMG_0868-768x576.jpg 768w, https:\/\/www.hwr.ch\/wp-content\/uploads\/2023\/05\/IMG_0868-1536x1152.jpg 1536w, https:\/\/www.hwr.ch\/wp-content\/uploads\/2023\/05\/IMG_0868-2048x1536.jpg 2048w\" sizes=\"auto, (max-width: 1024px) 100vw, 1024px\" \/><\/figure><figcaption class=\"coblocks-gallery--caption coblocks-gallery--primary-caption\"><\/figcaption><\/div><\/div><div class=\"swiper-slide\"><div class=\"coblocks-gallery--item\" role=\"button\" tabindex=\"1\"><figure class=\"coblocks-gallery--figure has-margin-left-5 has-margin-right-5\"><img loading=\"lazy\" decoding=\"async\" width=\"1024\" height=\"683\" alt=\"\" class=\"wp-image-1059\" data-id=\"1059\" data-link=\"https:\/\/www.hwr.ch\/dsc_8222\/\" src=\"https:\/\/www.hwr.ch\/wp-content\/uploads\/2023\/05\/DSC_8222-1024x683.jpg\" srcset=\"https:\/\/www.hwr.ch\/wp-content\/uploads\/2023\/05\/DSC_8222-1024x683.jpg 1024w, https:\/\/www.hwr.ch\/wp-content\/uploads\/2023\/05\/DSC_8222-300x200.jpg 300w, https:\/\/www.hwr.ch\/wp-content\/uploads\/2023\/05\/DSC_8222-768x513.jpg 768w, https:\/\/www.hwr.ch\/wp-content\/uploads\/2023\/05\/DSC_8222-1536x1025.jpg 1536w, https:\/\/www.hwr.ch\/wp-content\/uploads\/2023\/05\/DSC_8222-2048x1367.jpg 2048w\" sizes=\"auto, (max-width: 1024px) 100vw, 1024px\" \/><\/figure><figcaption class=\"coblocks-gallery--caption coblocks-gallery--primary-caption\"><\/figcaption><\/div><\/div><div class=\"swiper-slide\"><div class=\"coblocks-gallery--item\" role=\"button\" tabindex=\"2\"><figure class=\"coblocks-gallery--figure has-margin-left-5 has-margin-right-5\"><img loading=\"lazy\" decoding=\"async\" width=\"1024\" height=\"683\" alt=\"\" class=\"wp-image-215\" data-id=\"215\" data-link=\"https:\/\/www.hwr.ch\/dsc_2857\/\" src=\"https:\/\/www.hwr.ch\/wp-content\/uploads\/2023\/05\/DSC_2857-1024x683.jpg\" srcset=\"https:\/\/www.hwr.ch\/wp-content\/uploads\/2023\/05\/DSC_2857-1024x683.jpg 1024w, https:\/\/www.hwr.ch\/wp-content\/uploads\/2023\/05\/DSC_2857-300x200.jpg 300w, https:\/\/www.hwr.ch\/wp-content\/uploads\/2023\/05\/DSC_2857-768x513.jpg 768w, https:\/\/www.hwr.ch\/wp-content\/uploads\/2023\/05\/DSC_2857-1536x1025.jpg 1536w, https:\/\/www.hwr.ch\/wp-content\/uploads\/2023\/05\/DSC_2857-2048x1367.jpg 2048w\" sizes=\"auto, (max-width: 1024px) 100vw, 1024px\" \/><\/figure><figcaption class=\"coblocks-gallery--caption coblocks-gallery--primary-caption\"><\/figcaption><\/div><\/div><div class=\"swiper-slide\"><div class=\"coblocks-gallery--item\" role=\"button\" tabindex=\"3\"><figure class=\"coblocks-gallery--figure has-margin-left-5 has-margin-right-5\"><img loading=\"lazy\" decoding=\"async\" width=\"706\" height=\"1024\" alt=\"\" class=\"wp-image-1093\" data-id=\"1093\" data-link=\"https:\/\/www.hwr.ch\/hwr\/holz\/fam-gerken-21\/\" src=\"https:\/\/www.hwr.ch\/wp-content\/uploads\/2023\/05\/Fam-Gerken-21-706x1024.jpg\" srcset=\"https:\/\/www.hwr.ch\/wp-content\/uploads\/2023\/05\/Fam-Gerken-21-706x1024.jpg 706w, https:\/\/www.hwr.ch\/wp-content\/uploads\/2023\/05\/Fam-Gerken-21-207x300.jpg 207w, https:\/\/www.hwr.ch\/wp-content\/uploads\/2023\/05\/Fam-Gerken-21-768x1114.jpg 768w, https:\/\/www.hwr.ch\/wp-content\/uploads\/2023\/05\/Fam-Gerken-21-1059x1536.jpg 1059w, https:\/\/www.hwr.ch\/wp-content\/uploads\/2023\/05\/Fam-Gerken-21-1412x2048.jpg 1412w, https:\/\/www.hwr.ch\/wp-content\/uploads\/2023\/05\/Fam-Gerken-21-scaled.jpg 1765w\" sizes=\"auto, (max-width: 706px) 100vw, 706px\" \/><\/figure><figcaption class=\"coblocks-gallery--caption coblocks-gallery--primary-caption\"><\/figcaption><\/div><\/div><div class=\"swiper-slide\"><div class=\"coblocks-gallery--item\" role=\"button\" tabindex=\"4\"><figure class=\"coblocks-gallery--figure has-margin-left-5 has-margin-right-5\"><img loading=\"lazy\" decoding=\"async\" width=\"1024\" height=\"683\" alt=\"\" class=\"wp-image-216\" data-id=\"216\" data-link=\"https:\/\/www.hwr.ch\/dsc_2858\/\" src=\"https:\/\/www.hwr.ch\/wp-content\/uploads\/2023\/05\/DSC_2858-1024x683.jpg\" srcset=\"https:\/\/www.hwr.ch\/wp-content\/uploads\/2023\/05\/DSC_2858-1024x683.jpg 1024w, https:\/\/www.hwr.ch\/wp-content\/uploads\/2023\/05\/DSC_2858-300x200.jpg 300w, https:\/\/www.hwr.ch\/wp-content\/uploads\/2023\/05\/DSC_2858-768x513.jpg 768w, https:\/\/www.hwr.ch\/wp-content\/uploads\/2023\/05\/DSC_2858-1536x1025.jpg 1536w, https:\/\/www.hwr.ch\/wp-content\/uploads\/2023\/05\/DSC_2858-2048x1367.jpg 2048w\" sizes=\"auto, (max-width: 1024px) 100vw, 1024px\" \/><\/figure><figcaption class=\"coblocks-gallery--caption coblocks-gallery--primary-caption\"><\/figcaption><\/div><\/div><div class=\"swiper-slide\"><div class=\"coblocks-gallery--item\" role=\"button\" tabindex=\"5\"><figure class=\"coblocks-gallery--figure has-margin-left-5 has-margin-right-5\"><img loading=\"lazy\" decoding=\"async\" width=\"1024\" height=\"683\" alt=\"\" class=\"wp-image-221\" data-id=\"221\" data-link=\"https:\/\/www.hwr.ch\/dsc05868\/\" src=\"https:\/\/www.hwr.ch\/wp-content\/uploads\/2023\/05\/DSC05868-1024x683.jpg\" srcset=\"https:\/\/www.hwr.ch\/wp-content\/uploads\/2023\/05\/DSC05868-1024x683.jpg 1024w, https:\/\/www.hwr.ch\/wp-content\/uploads\/2023\/05\/DSC05868-300x200.jpg 300w, https:\/\/www.hwr.ch\/wp-content\/uploads\/2023\/05\/DSC05868-768x512.jpg 768w, https:\/\/www.hwr.ch\/wp-content\/uploads\/2023\/05\/DSC05868-1536x1024.jpg 1536w, https:\/\/www.hwr.ch\/wp-content\/uploads\/2023\/05\/DSC05868-2048x1365.jpg 2048w\" sizes=\"auto, (max-width: 1024px) 100vw, 1024px\" \/><\/figure><figcaption class=\"coblocks-gallery--caption coblocks-gallery--primary-caption\"><\/figcaption><\/div><\/div><div class=\"swiper-slide\"><div class=\"coblocks-gallery--item\" role=\"button\" tabindex=\"6\"><figure class=\"coblocks-gallery--figure has-margin-left-5 has-margin-right-5\"><img loading=\"lazy\" decoding=\"async\" width=\"1024\" height=\"683\" alt=\"\" class=\"wp-image-218\" data-id=\"218\" data-link=\"https:\/\/www.hwr.ch\/dsc_2889\/\" src=\"https:\/\/www.hwr.ch\/wp-content\/uploads\/2023\/05\/DSC_2889-1024x683.jpg\" srcset=\"https:\/\/www.hwr.ch\/wp-content\/uploads\/2023\/05\/DSC_2889-1024x683.jpg 1024w, https:\/\/www.hwr.ch\/wp-content\/uploads\/2023\/05\/DSC_2889-300x200.jpg 300w, https:\/\/www.hwr.ch\/wp-content\/uploads\/2023\/05\/DSC_2889-768x513.jpg 768w, https:\/\/www.hwr.ch\/wp-content\/uploads\/2023\/05\/DSC_2889-1536x1025.jpg 1536w, https:\/\/www.hwr.ch\/wp-content\/uploads\/2023\/05\/DSC_2889-2048x1367.jpg 2048w\" sizes=\"auto, (max-width: 1024px) 100vw, 1024px\" \/><\/figure><figcaption class=\"coblocks-gallery--caption coblocks-gallery--primary-caption\"><\/figcaption><\/div><\/div><div class=\"swiper-slide\"><div class=\"coblocks-gallery--item\" role=\"button\" tabindex=\"7\"><figure class=\"coblocks-gallery--figure has-margin-left-5 has-margin-right-5\"><img loading=\"lazy\" decoding=\"async\" width=\"1024\" height=\"683\" alt=\"\" class=\"wp-image-1058\" data-id=\"1058\" data-link=\"https:\/\/www.hwr.ch\/dsc_7992\/\" src=\"https:\/\/www.hwr.ch\/wp-content\/uploads\/2023\/05\/DSC_7992-1024x683.jpg\" srcset=\"https:\/\/www.hwr.ch\/wp-content\/uploads\/2023\/05\/DSC_7992-1024x683.jpg 1024w, https:\/\/www.hwr.ch\/wp-content\/uploads\/2023\/05\/DSC_7992-300x200.jpg 300w, https:\/\/www.hwr.ch\/wp-content\/uploads\/2023\/05\/DSC_7992-768x513.jpg 768w, https:\/\/www.hwr.ch\/wp-content\/uploads\/2023\/05\/DSC_7992-1536x1025.jpg 1536w, https:\/\/www.hwr.ch\/wp-content\/uploads\/2023\/05\/DSC_7992-2048x1367.jpg 2048w\" sizes=\"auto, (max-width: 1024px) 100vw, 1024px\" \/><\/figure><figcaption class=\"coblocks-gallery--caption coblocks-gallery--primary-caption\"><\/figcaption><\/div><\/div><div class=\"swiper-slide\"><div class=\"coblocks-gallery--item\" role=\"button\" tabindex=\"8\"><figure class=\"coblocks-gallery--figure has-margin-left-5 has-margin-right-5\"><img loading=\"lazy\" decoding=\"async\" width=\"1024\" height=\"683\" alt=\"\" class=\"wp-image-217\" data-id=\"217\" data-link=\"https:\/\/www.hwr.ch\/dsc_2859\/\" src=\"https:\/\/www.hwr.ch\/wp-content\/uploads\/2023\/05\/DSC_2859-1024x683.jpg\" srcset=\"https:\/\/www.hwr.ch\/wp-content\/uploads\/2023\/05\/DSC_2859-1024x683.jpg 1024w, https:\/\/www.hwr.ch\/wp-content\/uploads\/2023\/05\/DSC_2859-300x200.jpg 300w, https:\/\/www.hwr.ch\/wp-content\/uploads\/2023\/05\/DSC_2859-768x513.jpg 768w, https:\/\/www.hwr.ch\/wp-content\/uploads\/2023\/05\/DSC_2859-1536x1025.jpg 1536w, https:\/\/www.hwr.ch\/wp-content\/uploads\/2023\/05\/DSC_2859-2048x1367.jpg 2048w\" sizes=\"auto, (max-width: 1024px) 100vw, 1024px\" \/><\/figure><figcaption class=\"coblocks-gallery--caption coblocks-gallery--primary-caption\"><\/figcaption><\/div><\/div><div class=\"swiper-slide\"><div class=\"coblocks-gallery--item\" role=\"button\" tabindex=\"9\"><figure class=\"coblocks-gallery--figure has-margin-left-5 has-margin-right-5\"><img loading=\"lazy\" decoding=\"async\" width=\"1024\" height=\"683\" alt=\"\" class=\"wp-image-1194\" data-id=\"1194\" data-link=\"https:\/\/www.hwr.ch\/dsc_8262\/\" src=\"https:\/\/www.hwr.ch\/wp-content\/uploads\/2023\/06\/DSC_8262-1024x683.jpg\" srcset=\"https:\/\/www.hwr.ch\/wp-content\/uploads\/2023\/06\/DSC_8262-1024x683.jpg 1024w, https:\/\/www.hwr.ch\/wp-content\/uploads\/2023\/06\/DSC_8262-300x200.jpg 300w, https:\/\/www.hwr.ch\/wp-content\/uploads\/2023\/06\/DSC_8262-768x512.jpg 768w, https:\/\/www.hwr.ch\/wp-content\/uploads\/2023\/06\/DSC_8262-1536x1024.jpg 1536w, https:\/\/www.hwr.ch\/wp-content\/uploads\/2023\/06\/DSC_8262-18x12.jpg 18w\" sizes=\"auto, (max-width: 1024px) 100vw, 1024px\" \/><\/figure><figcaption class=\"coblocks-gallery--caption coblocks-gallery--primary-caption\"><\/figcaption><\/div><\/div><\/div><button class=\"nav-button__prev\" id=\"12345-prev\"><svg class=\"icon\" style=\"transform:rotate(180deg)\"><\/svg><\/button><button class=\"nav-button__next\" id=\"12345-next\"><svg class=\"icon\"><\/svg><\/button><\/div><\/div><\/div>","protected":false},"excerpt":{"rendered":"<p>Holz bleibt immer lebendig. Es w\u00e4chst, arbeitet und altert &#8211; wie wir Menschen. Frank Glenz Alpine Chaletdielen Das 3-Schicht Parkett wird von uns produziert und besteht aus einer individuellen Deckschicht und mindestens einer Sperrschicht. Es ist extrem verwindungsarm und eignet sich auch zur Verklebung auf Fussbodenheizungen. Mit ihrer L\u00e4nge von bis zu 7 Metern verleihen&nbsp;Landhausdielen [&hellip;]<\/p>\n","protected":false},"author":4,"featured_media":0,"parent":2,"menu_order":20,"comment_status":"closed","ping_status":"closed","template":"","meta":{"_coblocks_attr":"","_coblocks_dimensions":"","_coblocks_responsive_height":"","_coblocks_accordion_ie_support":"","footnotes":""},"class_list":["post-21","page","type-page","status-publish","hentry"],"_links":{"self":[{"href":"https:\/\/www.hwr.ch\/fr\/wp-json\/wp\/v2\/pages\/21","targetHints":{"allow":["GET"]}}],"collection":[{"href":"https:\/\/www.hwr.ch\/fr\/wp-json\/wp\/v2\/pages"}],"about":[{"href":"https:\/\/www.hwr.ch\/fr\/wp-json\/wp\/v2\/types\/page"}],"author":[{"embeddable":true,"href":"https:\/\/www.hwr.ch\/fr\/wp-json\/wp\/v2\/users\/4"}],"replies":[{"embeddable":true,"href":"https:\/\/www.hwr.ch\/fr\/wp-json\/wp\/v2\/comments?post=21"}],"version-history":[{"count":32,"href":"https:\/\/www.hwr.ch\/fr\/wp-json\/wp\/v2\/pages\/21\/revisions"}],"predecessor-version":[{"id":1328,"href":"https:\/\/www.hwr.ch\/fr\/wp-json\/wp\/v2\/pages\/21\/revisions\/1328"}],"up":[{"embeddable":true,"href":"https:\/\/www.hwr.ch\/fr\/wp-json\/wp\/v2\/pages\/2"}],"wp:attachment":[{"href":"https:\/\/www.hwr.ch\/fr\/wp-json\/wp\/v2\/media?parent=21"}],"curies":[{"name":"wp","href":"https:\/\/api.w.org\/{rel}","templated":true}]}}