{"id":24,"date":"2023-04-26T10:12:44","date_gmt":"2023-04-26T08:12:44","guid":{"rendered":"https:\/\/www.hwr.ch\/?page_id=24"},"modified":"2024-02-21T09:39:10","modified_gmt":"2024-02-21T08:39:10","slug":"dienstleistungen","status":"publish","type":"page","link":"https:\/\/www.hwr.ch\/fr\/hwr\/dienstleistungen\/","title":{"rendered":"Services"},"content":{"rendered":"<div class=\"wp-block-media-text alignwide is-stacked-on-mobile is-vertically-aligned-center\"><figure class=\"wp-block-media-text__media\"><img loading=\"lazy\" decoding=\"async\" width=\"1024\" height=\"1024\" src=\"https:\/\/www.hwr.ch\/wp-content\/uploads\/2023\/05\/Packservice-1-1024x1024.jpg\" alt=\"\" class=\"wp-image-398 size-full\" srcset=\"https:\/\/www.hwr.ch\/wp-content\/uploads\/2023\/05\/Packservice-1-1024x1024.jpg 1024w, https:\/\/www.hwr.ch\/wp-content\/uploads\/2023\/05\/Packservice-1-300x300.jpg 300w, https:\/\/www.hwr.ch\/wp-content\/uploads\/2023\/05\/Packservice-1-150x150.jpg 150w, https:\/\/www.hwr.ch\/wp-content\/uploads\/2023\/05\/Packservice-1-768x768.jpg 768w, https:\/\/www.hwr.ch\/wp-content\/uploads\/2023\/05\/Packservice-1-1536x1536.jpg 1536w, https:\/\/www.hwr.ch\/wp-content\/uploads\/2023\/05\/Packservice-1-2048x2048.jpg 2048w\" sizes=\"auto, (max-width: 1024px) 100vw, 1024px\" \/><\/figure><div class=\"wp-block-media-text__content\">\n<h1 class=\"wp-block-heading has-x-large-font-size\" id=\"Packservice\">Service d'emballeur<\/h1>\n\n\n\n<p class=\"has-medium-font-size\">Voulez-vous que vos produits de grande qualit\u00e9 (machines, lignes etc.) arrivent en bon \u00e9tat chez vos clients dans le pays ou \u00e0 l\u2019\u00e9tranger?<br>Nous vous proposons un large \u00e9ventail de prestations de service: des consultations, de la mesure de fabrications uniques, des travaux d'emballage\u2026 Nous maitrisons \u00e9galement le transport par voie maritime, la protection contre la corrosion et le suivi des transports avec diff\u00e9rents indicateurs.<\/p>\n<\/div><\/div>\n\n\n\n<div class=\"wp-block-media-text alignwide has-media-on-the-right is-stacked-on-mobile is-vertically-aligned-center\" id=\"Altolzaufbereitung\"><div class=\"wp-block-media-text__content\">\n<h1 class=\"wp-block-heading\" id=\"Altholzaufbereitung\">Traitement du vieux bois<\/h1>\n\n\n\n<p class=\"has-medium-font-size\">Nous effectuons la gamme enti\u00e8re des traitements du vieux bois pour vous<\/p>\n\n\n\n<ul class=\"wp-block-list\">\n<li class=\"has-medium-font-size\">arracher des clous<\/li>\n\n\n\n<li class=\"has-medium-font-size\">scier<\/li>\n\n\n\n<li class=\"has-medium-font-size\">nettoyer<\/li>\n\n\n\n<li class=\"has-medium-font-size\">trier<\/li>\n\n\n\n<li class=\"has-medium-font-size\">s\u00e9cher<\/li>\n\n\n\n<li class=\"has-medium-font-size\">profiler<\/li>\n\n\n\n<li class=\"has-medium-font-size\">et plus \u00e0 la demande des clients<\/li>\n<\/ul>\n<\/div><figure class=\"wp-block-media-text__media\"><img loading=\"lazy\" decoding=\"async\" width=\"1024\" height=\"1019\" src=\"https:\/\/www.hwr.ch\/wp-content\/uploads\/2023\/06\/Altholzbearbeitung-e1685947493156-1024x1019.jpg\" alt=\"\" class=\"wp-image-1195 size-full\" srcset=\"https:\/\/www.hwr.ch\/wp-content\/uploads\/2023\/06\/Altholzbearbeitung-e1685947493156-1024x1019.jpg 1024w, https:\/\/www.hwr.ch\/wp-content\/uploads\/2023\/06\/Altholzbearbeitung-e1685947493156-300x300.jpg 300w, https:\/\/www.hwr.ch\/wp-content\/uploads\/2023\/06\/Altholzbearbeitung-e1685947493156-150x150.jpg 150w, https:\/\/www.hwr.ch\/wp-content\/uploads\/2023\/06\/Altholzbearbeitung-e1685947493156-768x764.jpg 768w, https:\/\/www.hwr.ch\/wp-content\/uploads\/2023\/06\/Altholzbearbeitung-e1685947493156-1536x1528.jpg 1536w, https:\/\/www.hwr.ch\/wp-content\/uploads\/2023\/06\/Altholzbearbeitung-e1685947493156-12x12.jpg 12w, https:\/\/www.hwr.ch\/wp-content\/uploads\/2023\/06\/Altholzbearbeitung-e1685947493156-2048x2038.jpg 2048w\" sizes=\"auto, (max-width: 1024px) 100vw, 1024px\" \/><\/figure><\/div>\n\n\n\n<div class=\"wp-block-media-text alignwide is-stacked-on-mobile is-vertically-aligned-center\" id=\"holztrocknung\"><figure class=\"wp-block-media-text__media\"><img loading=\"lazy\" decoding=\"async\" width=\"1024\" height=\"1024\" src=\"https:\/\/www.hwr.ch\/wp-content\/uploads\/2023\/05\/Dienstleistungen-4-1024x1024.jpg\" alt=\"\" class=\"wp-image-394 size-full\" srcset=\"https:\/\/www.hwr.ch\/wp-content\/uploads\/2023\/05\/Dienstleistungen-4-1024x1024.jpg 1024w, https:\/\/www.hwr.ch\/wp-content\/uploads\/2023\/05\/Dienstleistungen-4-300x300.jpg 300w, https:\/\/www.hwr.ch\/wp-content\/uploads\/2023\/05\/Dienstleistungen-4-150x150.jpg 150w, https:\/\/www.hwr.ch\/wp-content\/uploads\/2023\/05\/Dienstleistungen-4-768x768.jpg 768w, https:\/\/www.hwr.ch\/wp-content\/uploads\/2023\/05\/Dienstleistungen-4-1536x1536.jpg 1536w, https:\/\/www.hwr.ch\/wp-content\/uploads\/2023\/05\/Dienstleistungen-4-2048x2048.jpg 2048w\" sizes=\"auto, (max-width: 1024px) 100vw, 1024px\" \/><\/figure><div class=\"wp-block-media-text__content\">\n<h1 class=\"wp-block-heading\" id=\"Holztrocknung\">S\u00e9chage du bois<\/h1>\n\n\n\n<p class=\"has-medium-font-size\">Dans nos chambres de s\u00e9chage, nous pouvons s\u00e9cher post\u00e9rieurement \u00e0 l'aide de moyens techniques le bois des clients selon leurs besoins personnels (environ 8-11%).<\/p>\n\n\n\n<p class=\"has-medium-font-size\">Nous traitons \u00e9galement le bois au sein des chambres de s\u00e9chage, afin qu\u2019il r\u00e9ponde aux exigences du standard <a rel=\"noreferrer noopener\" href=\"https:\/\/www.hwr.ch\/fr\/hwr\/ueber-uns\/umwelt-zertifikate\/#ISPM15\" data-type=\"URL\" data-id=\"https:\/\/www.hwr.ch\/hwr\/ueber-uns\/umwelt-zertifikate\/#ISPM15\" target=\"_blank\">NIMP-15<\/a>, pour les emballages d\u2019exp\u00e9dition intercontinentale.<\/p>\n<\/div><\/div>\n\n\n\n<div class=\"wp-block-media-text alignwide has-media-on-the-right is-stacked-on-mobile is-vertically-aligned-center\"><div class=\"wp-block-media-text__content\">\n<h2 class=\"wp-block-heading\">Traitement de surface<\/h2>\n\n\n\n<p class=\"has-medium-font-size\">Vous pouvez soit polir ou poncer le bois vous-m\u00eame, soit nous le faisons pour vous selon vos instructions. Nous proposons les traitements suivants:<\/p>\n\n\n\n<ul class=\"wp-block-list\">\n<li class=\"has-medium-font-size\">Brosser<\/li>\n\n\n\n<li>Poncer<\/li>\n\n\n\n<li class=\"has-medium-font-size\">Sabler<\/li>\n<\/ul>\n\n\n\n<p class=\"has-medium-font-size\">Brosser: largeur jusqu\u2019\u00e0 0.60 m, \u00e9paisseur jusqu\u2019\u00e0 200 mm<br>Poncer: largeur jusqu\u2019\u00e0 1.30 m, \u00e9paisseur jusqu\u2019\u00e0 200 mm<br>\u00a0<\/p>\n<\/div><figure class=\"wp-block-media-text__media\"><img loading=\"lazy\" decoding=\"async\" width=\"1024\" height=\"1024\" src=\"https:\/\/www.hwr.ch\/wp-content\/uploads\/2023\/05\/Dienstleistungen-2-1024x1024.jpg\" alt=\"\" class=\"wp-image-392 size-full\" srcset=\"https:\/\/www.hwr.ch\/wp-content\/uploads\/2023\/05\/Dienstleistungen-2-1024x1024.jpg 1024w, https:\/\/www.hwr.ch\/wp-content\/uploads\/2023\/05\/Dienstleistungen-2-300x300.jpg 300w, https:\/\/www.hwr.ch\/wp-content\/uploads\/2023\/05\/Dienstleistungen-2-150x150.jpg 150w, https:\/\/www.hwr.ch\/wp-content\/uploads\/2023\/05\/Dienstleistungen-2-768x768.jpg 768w, https:\/\/www.hwr.ch\/wp-content\/uploads\/2023\/05\/Dienstleistungen-2-1536x1536.jpg 1536w, https:\/\/www.hwr.ch\/wp-content\/uploads\/2023\/05\/Dienstleistungen-2-2048x2048.jpg 2048w\" sizes=\"auto, (max-width: 1024px) 100vw, 1024px\" \/><\/figure><\/div>\n\n\n\n<div class=\"wp-block-media-text alignwide is-stacked-on-mobile is-vertically-aligned-center\"><figure class=\"wp-block-media-text__media\"><img loading=\"lazy\" decoding=\"async\" width=\"1024\" height=\"1024\" src=\"https:\/\/www.hwr.ch\/wp-content\/uploads\/2023\/05\/Malen-1-1024x1024.jpg\" alt=\"\" class=\"wp-image-641 size-full\" srcset=\"https:\/\/www.hwr.ch\/wp-content\/uploads\/2023\/05\/Malen-1-1024x1024.jpg 1024w, https:\/\/www.hwr.ch\/wp-content\/uploads\/2023\/05\/Malen-1-300x300.jpg 300w, https:\/\/www.hwr.ch\/wp-content\/uploads\/2023\/05\/Malen-1-150x150.jpg 150w, https:\/\/www.hwr.ch\/wp-content\/uploads\/2023\/05\/Malen-1-768x768.jpg 768w, https:\/\/www.hwr.ch\/wp-content\/uploads\/2023\/05\/Malen-1-1536x1536.jpg 1536w, https:\/\/www.hwr.ch\/wp-content\/uploads\/2023\/05\/Malen-1-2048x2048.jpg 2048w\" sizes=\"auto, (max-width: 1024px) 100vw, 1024px\" \/><\/figure><div class=\"wp-block-media-text__content\">\n<h1 class=\"wp-block-heading has-x-large-font-size\" id=\"Oberfl\u00e4chenveredelung\">Raffinage de surface<\/h1>\n\n\n\n<p>Nous proposons les raffinages de surface suivants:<\/p>\n\n\n\n<ul class=\"wp-block-list\">\n<li>teindre<\/li>\n\n\n\n<li>vernir<\/li>\n\n\n\n<li>alcalin<\/li>\n\n\n\n<li>huiler<\/li>\n\n\n\n<li>cirer<\/li>\n<\/ul>\n<\/div><\/div>\n\n\n\n<div aria-label=\"Carousel Gallery\" class=\"wp-block-coblocks-gallery-carousel alignwide\"><div class=\"coblocks-gallery-carousel-swiper-container is-cropped coblocks-gallery has-caption-style-dark has-horizontal-gutter has-no-thumbnails\"><div class=\"has-carousel has-carousel-lrg swiper-container\" data-swiper=\"{&quot;alignCells&quot;:false,&quot;autoPlay&quot;:true,&quot;autoPlaySpeed&quot;:&quot;8000&quot;,&quot;draggable&quot;:true,&quot;freeMode&quot;:false,&quot;loop&quot;:true,&quot;navigation&quot;:true,&quot;pageDots&quot;:false,&quot;pauseHover&quot;:true,&quot;responsiveHeight&quot;:false,&quot;slidesPerView&quot;:2,&quot;thumbnails&quot;:false,&quot;uuid&quot;:&quot;12345&quot;}\" style=\"height:400px\"><div class=\"swiper-wrapper\"><div class=\"swiper-slide\"><div class=\"coblocks-gallery--item\" role=\"button\" tabindex=\"0\"><figure class=\"coblocks-gallery--figure has-margin-left-5 has-margin-right-5\"><img loading=\"lazy\" decoding=\"async\" width=\"1024\" height=\"683\" alt=\"\" class=\"wp-image-1064\" data-id=\"1064\" data-link=\"https:\/\/www.hwr.ch\/dsc_1278\/\" src=\"https:\/\/www.hwr.ch\/wp-content\/uploads\/2023\/05\/DSC_1278-1024x683.jpg\" srcset=\"https:\/\/www.hwr.ch\/wp-content\/uploads\/2023\/05\/DSC_1278-1024x683.jpg 1024w, https:\/\/www.hwr.ch\/wp-content\/uploads\/2023\/05\/DSC_1278-300x200.jpg 300w, https:\/\/www.hwr.ch\/wp-content\/uploads\/2023\/05\/DSC_1278-768x513.jpg 768w, https:\/\/www.hwr.ch\/wp-content\/uploads\/2023\/05\/DSC_1278-1536x1025.jpg 1536w, https:\/\/www.hwr.ch\/wp-content\/uploads\/2023\/05\/DSC_1278-2048x1367.jpg 2048w\" sizes=\"auto, (max-width: 1024px) 100vw, 1024px\" \/><\/figure><figcaption class=\"coblocks-gallery--caption coblocks-gallery--primary-caption\"><\/figcaption><\/div><\/div><div class=\"swiper-slide\"><div class=\"coblocks-gallery--item\" role=\"button\" tabindex=\"1\"><figure class=\"coblocks-gallery--figure has-margin-left-5 has-margin-right-5\"><img loading=\"lazy\" decoding=\"async\" width=\"1024\" height=\"683\" alt=\"\" class=\"wp-image-1197\" data-id=\"1197\" data-link=\"https:\/\/www.hwr.ch\/dsc_8247-2\/\" src=\"https:\/\/www.hwr.ch\/wp-content\/uploads\/2023\/06\/DSC_8247-2-1024x683.jpg\" srcset=\"https:\/\/www.hwr.ch\/wp-content\/uploads\/2023\/06\/DSC_8247-2-1024x683.jpg 1024w, https:\/\/www.hwr.ch\/wp-content\/uploads\/2023\/06\/DSC_8247-2-300x200.jpg 300w, https:\/\/www.hwr.ch\/wp-content\/uploads\/2023\/06\/DSC_8247-2-768x512.jpg 768w, https:\/\/www.hwr.ch\/wp-content\/uploads\/2023\/06\/DSC_8247-2-1536x1024.jpg 1536w, https:\/\/www.hwr.ch\/wp-content\/uploads\/2023\/06\/DSC_8247-2-18x12.jpg 18w\" sizes=\"auto, (max-width: 1024px) 100vw, 1024px\" \/><\/figure><figcaption class=\"coblocks-gallery--caption coblocks-gallery--primary-caption\"><\/figcaption><\/div><\/div><div class=\"swiper-slide\"><div class=\"coblocks-gallery--item\" role=\"button\" tabindex=\"2\"><figure class=\"coblocks-gallery--figure has-margin-left-5 has-margin-right-5\"><img loading=\"lazy\" decoding=\"async\" width=\"1024\" height=\"1024\" alt=\"\" class=\"wp-image-395\" data-id=\"395\" data-link=\"https:\/\/www.hwr.ch\/dienstleistungen-1\/\" src=\"https:\/\/www.hwr.ch\/wp-content\/uploads\/2023\/05\/Dienstleistungen-1-1024x1024.jpg\" srcset=\"https:\/\/www.hwr.ch\/wp-content\/uploads\/2023\/05\/Dienstleistungen-1-1024x1024.jpg 1024w, https:\/\/www.hwr.ch\/wp-content\/uploads\/2023\/05\/Dienstleistungen-1-300x300.jpg 300w, https:\/\/www.hwr.ch\/wp-content\/uploads\/2023\/05\/Dienstleistungen-1-150x150.jpg 150w, https:\/\/www.hwr.ch\/wp-content\/uploads\/2023\/05\/Dienstleistungen-1-768x768.jpg 768w, https:\/\/www.hwr.ch\/wp-content\/uploads\/2023\/05\/Dienstleistungen-1-1536x1536.jpg 1536w, https:\/\/www.hwr.ch\/wp-content\/uploads\/2023\/05\/Dienstleistungen-1-2048x2048.jpg 2048w\" sizes=\"auto, (max-width: 1024px) 100vw, 1024px\" \/><\/figure><figcaption class=\"coblocks-gallery--caption coblocks-gallery--primary-caption\"><\/figcaption><\/div><\/div><div class=\"swiper-slide\"><div class=\"coblocks-gallery--item\" role=\"button\" tabindex=\"3\"><figure class=\"coblocks-gallery--figure has-margin-left-5 has-margin-right-5\"><img loading=\"lazy\" decoding=\"async\" width=\"1024\" height=\"683\" alt=\"\" class=\"wp-image-1196\" data-id=\"1196\" data-link=\"https:\/\/www.hwr.ch\/dsc_8245-1\/\" src=\"https:\/\/www.hwr.ch\/wp-content\/uploads\/2023\/06\/DSC_8245-1-1024x683.jpg\" srcset=\"https:\/\/www.hwr.ch\/wp-content\/uploads\/2023\/06\/DSC_8245-1-1024x683.jpg 1024w, https:\/\/www.hwr.ch\/wp-content\/uploads\/2023\/06\/DSC_8245-1-300x200.jpg 300w, https:\/\/www.hwr.ch\/wp-content\/uploads\/2023\/06\/DSC_8245-1-768x512.jpg 768w, https:\/\/www.hwr.ch\/wp-content\/uploads\/2023\/06\/DSC_8245-1-1536x1024.jpg 1536w, https:\/\/www.hwr.ch\/wp-content\/uploads\/2023\/06\/DSC_8245-1-18x12.jpg 18w\" sizes=\"auto, (max-width: 1024px) 100vw, 1024px\" \/><\/figure><figcaption class=\"coblocks-gallery--caption coblocks-gallery--primary-caption\"><\/figcaption><\/div><\/div><div class=\"swiper-slide\"><div class=\"coblocks-gallery--item\" role=\"button\" tabindex=\"4\"><figure class=\"coblocks-gallery--figure has-margin-left-5 has-margin-right-5\"><img loading=\"lazy\" decoding=\"async\" width=\"1024\" height=\"683\" alt=\"\" class=\"wp-image-1062\" data-id=\"1062\" data-link=\"https:\/\/www.hwr.ch\/dsc_1282\/\" src=\"https:\/\/www.hwr.ch\/wp-content\/uploads\/2023\/05\/DSC_1282-1024x683.jpg\" srcset=\"https:\/\/www.hwr.ch\/wp-content\/uploads\/2023\/05\/DSC_1282-1024x683.jpg 1024w, https:\/\/www.hwr.ch\/wp-content\/uploads\/2023\/05\/DSC_1282-300x200.jpg 300w, https:\/\/www.hwr.ch\/wp-content\/uploads\/2023\/05\/DSC_1282-768x513.jpg 768w, https:\/\/www.hwr.ch\/wp-content\/uploads\/2023\/05\/DSC_1282-1536x1025.jpg 1536w, https:\/\/www.hwr.ch\/wp-content\/uploads\/2023\/05\/DSC_1282-2048x1367.jpg 2048w\" sizes=\"auto, (max-width: 1024px) 100vw, 1024px\" \/><\/figure><figcaption class=\"coblocks-gallery--caption coblocks-gallery--primary-caption\"><\/figcaption><\/div><\/div><div class=\"swiper-slide\"><div class=\"coblocks-gallery--item\" role=\"button\" tabindex=\"5\"><figure class=\"coblocks-gallery--figure has-margin-left-5 has-margin-right-5\"><img loading=\"lazy\" decoding=\"async\" width=\"1024\" height=\"768\" alt=\"\" class=\"wp-image-1096\" data-id=\"1096\" data-link=\"https:\/\/www.hwr.ch\/dsc02483\/\" src=\"https:\/\/www.hwr.ch\/wp-content\/uploads\/2023\/05\/DSC02483-1024x768.jpg\" srcset=\"https:\/\/www.hwr.ch\/wp-content\/uploads\/2023\/05\/DSC02483-1024x768.jpg 1024w, https:\/\/www.hwr.ch\/wp-content\/uploads\/2023\/05\/DSC02483-300x225.jpg 300w, https:\/\/www.hwr.ch\/wp-content\/uploads\/2023\/05\/DSC02483-768x576.jpg 768w, https:\/\/www.hwr.ch\/wp-content\/uploads\/2023\/05\/DSC02483-1536x1152.jpg 1536w, https:\/\/www.hwr.ch\/wp-content\/uploads\/2023\/05\/DSC02483.jpg 1632w\" sizes=\"auto, (max-width: 1024px) 100vw, 1024px\" \/><\/figure><figcaption class=\"coblocks-gallery--caption coblocks-gallery--primary-caption\"><\/figcaption><\/div><\/div><div class=\"swiper-slide\"><div class=\"coblocks-gallery--item\" role=\"button\" tabindex=\"6\"><figure class=\"coblocks-gallery--figure has-margin-left-5 has-margin-right-5\"><img loading=\"lazy\" decoding=\"async\" width=\"1024\" height=\"683\" alt=\"\" class=\"wp-image-1063\" data-id=\"1063\" data-link=\"https:\/\/www.hwr.ch\/dsc_1319\/\" src=\"https:\/\/www.hwr.ch\/wp-content\/uploads\/2023\/05\/DSC_1319-1024x683.jpg\" srcset=\"https:\/\/www.hwr.ch\/wp-content\/uploads\/2023\/05\/DSC_1319-1024x683.jpg 1024w, https:\/\/www.hwr.ch\/wp-content\/uploads\/2023\/05\/DSC_1319-300x200.jpg 300w, https:\/\/www.hwr.ch\/wp-content\/uploads\/2023\/05\/DSC_1319-768x513.jpg 768w, https:\/\/www.hwr.ch\/wp-content\/uploads\/2023\/05\/DSC_1319-1536x1025.jpg 1536w, https:\/\/www.hwr.ch\/wp-content\/uploads\/2023\/05\/DSC_1319-2048x1367.jpg 2048w\" sizes=\"auto, (max-width: 1024px) 100vw, 1024px\" \/><\/figure><figcaption class=\"coblocks-gallery--caption coblocks-gallery--primary-caption\"><\/figcaption><\/div><\/div><\/div><button class=\"nav-button__prev\" id=\"12345-prev\"><svg class=\"icon\" style=\"transform:rotate(180deg)\"><\/svg><\/button><button class=\"nav-button__next\" id=\"12345-next\"><svg class=\"icon\"><\/svg><\/button><\/div><\/div><\/div>","protected":false},"excerpt":{"rendered":"<p>Packservice Sie wollen, dass Ihre hochwertigen Erzeugnisse (Maschinen, Anlagen usw.) auf dem Transport zu Ihren Kunden im In- und Ausland wohlbehalten ankommen?Wir bieten Ihnen eine breite Dienstleistungspalette an. Von der Beratung \u00fcber das Ausmessen von Einzelanfertigungen bis hin zum eigentlichen Verpacken erledigen wir alles f\u00fcr Sie. Seefracht, Korrosionsschutz oder Transport\u00fcberwachung mit verschiedenen Indikatoren sind Begriffe [&hellip;]<\/p>\n","protected":false},"author":1,"featured_media":0,"parent":2,"menu_order":30,"comment_status":"closed","ping_status":"closed","template":"","meta":{"_coblocks_attr":"","_coblocks_dimensions":"","_coblocks_responsive_height":"","_coblocks_accordion_ie_support":"","footnotes":""},"class_list":["post-24","page","type-page","status-publish","hentry"],"_links":{"self":[{"href":"https:\/\/www.hwr.ch\/fr\/wp-json\/wp\/v2\/pages\/24","targetHints":{"allow":["GET"]}}],"collection":[{"href":"https:\/\/www.hwr.ch\/fr\/wp-json\/wp\/v2\/pages"}],"about":[{"href":"https:\/\/www.hwr.ch\/fr\/wp-json\/wp\/v2\/types\/page"}],"author":[{"embeddable":true,"href":"https:\/\/www.hwr.ch\/fr\/wp-json\/wp\/v2\/users\/1"}],"replies":[{"embeddable":true,"href":"https:\/\/www.hwr.ch\/fr\/wp-json\/wp\/v2\/comments?post=24"}],"version-history":[{"count":36,"href":"https:\/\/www.hwr.ch\/fr\/wp-json\/wp\/v2\/pages\/24\/revisions"}],"predecessor-version":[{"id":1346,"href":"https:\/\/www.hwr.ch\/fr\/wp-json\/wp\/v2\/pages\/24\/revisions\/1346"}],"up":[{"embeddable":true,"href":"https:\/\/www.hwr.ch\/fr\/wp-json\/wp\/v2\/pages\/2"}],"wp:attachment":[{"href":"https:\/\/www.hwr.ch\/fr\/wp-json\/wp\/v2\/media?parent=24"}],"curies":[{"name":"wp","href":"https:\/\/api.w.org\/{rel}","templated":true}]}}