{"id":25,"date":"2023-04-26T10:14:04","date_gmt":"2023-04-26T08:14:04","guid":{"rendered":"https:\/\/www.hwr.ch\/?page_id=25"},"modified":"2026-03-10T15:26:05","modified_gmt":"2026-03-10T14:26:05","slug":"ihre-ansprechpartner","status":"publish","type":"page","link":"https:\/\/www.hwr.ch\/fr\/hwr\/ihre-ansprechpartner\/","title":{"rendered":"Votre personne de contact"},"content":{"rendered":"<div class=\"wp-block-media-text alignwide is-stacked-on-mobile\"><figure class=\"wp-block-media-text__media\"><img loading=\"lazy\" decoding=\"async\" width=\"1024\" height=\"968\" src=\"https:\/\/www.hwr.ch\/wp-content\/uploads\/2023\/06\/Kim_Bearbeitet_Neu-1-1024x968.png\" alt=\"\" class=\"wp-image-1209 size-full\" srcset=\"https:\/\/www.hwr.ch\/wp-content\/uploads\/2023\/06\/Kim_Bearbeitet_Neu-1-1024x968.png 1024w, https:\/\/www.hwr.ch\/wp-content\/uploads\/2023\/06\/Kim_Bearbeitet_Neu-1-300x284.png 300w, https:\/\/www.hwr.ch\/wp-content\/uploads\/2023\/06\/Kim_Bearbeitet_Neu-1-768x726.png 768w, https:\/\/www.hwr.ch\/wp-content\/uploads\/2023\/06\/Kim_Bearbeitet_Neu-1-13x12.png 13w, https:\/\/www.hwr.ch\/wp-content\/uploads\/2023\/06\/Kim_Bearbeitet_Neu-1.png 1320w\" sizes=\"auto, (max-width: 1024px) 100vw, 1024px\" \/><\/figure><div class=\"wp-block-media-text__content\">\n<p class=\"has-large-font-size\" id=\"VPG\"><strong>Emballages<\/strong><\/p>\n\n\n\n<p class=\"has-medium-font-size\"><strong>Je m'appelle Kim Beetschen et je dirige le d\u00e9partement emballages depuis d\u00e9but 2018 <\/strong><\/p>\n\n\n\n<p>Nous fabriquons des emballages en bois, en carton, en mousse et des combinaisons de ces mat\u00e9riaux. Nos clients sont principalement des entreprises industrielles qui utilisent les emballages pour l'exp\u00e9dition et l'exportation.<\/p>\n\n\n\n<p><a href=\"https:\/\/www.hwr.ch\/fr\/hwr\/ihre-ansprechpartner\/vorstellung-verpackungen\/\" data-type=\"URL\" data-id=\"https:\/\/www.hwr.ch\/hwr\/ihre-ansprechpartner\/vorstellung-verpackungen\/\">Voici un petit aper\u00e7u de mes centres de comp\u00e9tences<\/a><\/p>\n<\/div><\/div>\n\n\n\n<div class=\"wp-block-media-text alignwide has-media-on-the-right is-stacked-on-mobile\"><div class=\"wp-block-media-text__content\">\n<p class=\"has-large-font-size\" id=\"KPA\"><strong>Projets clients et \u00e9quipes d'emballage<\/strong><\/p>\n\n\n\n<p class=\"has-medium-font-size\"><strong>Mon nom est David Klimmek<\/strong>, <strong>, je dirige le d\u00e9partement des projets clients et des \u00e9quipes d'emballage depuis mi-2023.<\/strong><\/p>\n\n\n\n<p>Nous aidons \u00e0 la conception et nous chargeons de la fabrication des emballages. Sur demande, nous emballons les marchandises directement chez le client, soit avec l'aide du personnel existant, soit avec notre propre personnel.<\/p>\n\n\n\n<p><a href=\"https:\/\/www.hwr.ch\/fr\/hwr\/ihre-ansprechpartner\/aussendienst-packteams\/\" data-type=\"URL\" data-id=\"https:\/\/www.hwr.ch\/hwr\/ihre-ansprechpartner\/aussendienst-packteams\/\">Cliquez ici pour obtenir des informations plus d\u00e9taill\u00e9es sur le d\u00e9partement projets clients et \u00e9quipes d'emballage<\/a><\/p>\n<\/div><figure class=\"wp-block-media-text__media\"><img loading=\"lazy\" decoding=\"async\" width=\"1024\" height=\"1024\" src=\"https:\/\/www.hwr.ch\/wp-content\/uploads\/2023\/06\/Dave_Bearbeitet-1-1024x1024.png\" alt=\"\" class=\"wp-image-1210 size-full\" srcset=\"https:\/\/www.hwr.ch\/wp-content\/uploads\/2023\/06\/Dave_Bearbeitet-1-1024x1024.png 1024w, https:\/\/www.hwr.ch\/wp-content\/uploads\/2023\/06\/Dave_Bearbeitet-1-300x300.png 300w, https:\/\/www.hwr.ch\/wp-content\/uploads\/2023\/06\/Dave_Bearbeitet-1-150x150.png 150w, https:\/\/www.hwr.ch\/wp-content\/uploads\/2023\/06\/Dave_Bearbeitet-1-768x768.png 768w, https:\/\/www.hwr.ch\/wp-content\/uploads\/2023\/06\/Dave_Bearbeitet-1-1536x1536.png 1536w, https:\/\/www.hwr.ch\/wp-content\/uploads\/2023\/06\/Dave_Bearbeitet-1-12x12.png 12w, https:\/\/www.hwr.ch\/wp-content\/uploads\/2023\/06\/Dave_Bearbeitet-1.png 1600w\" sizes=\"auto, (max-width: 1024px) 100vw, 1024px\" \/><\/figure><\/div>\n\n\n\n<div class=\"wp-block-media-text alignwide is-stacked-on-mobile\"><figure class=\"wp-block-media-text__media\"><img loading=\"lazy\" decoding=\"async\" width=\"1024\" height=\"1024\" src=\"https:\/\/www.hwr.ch\/wp-content\/uploads\/2023\/05\/Bruno_Bearbeitet-1024x1024.png\" alt=\"\" class=\"wp-image-534 size-full\" srcset=\"https:\/\/www.hwr.ch\/wp-content\/uploads\/2023\/05\/Bruno_Bearbeitet-1024x1024.png 1024w, https:\/\/www.hwr.ch\/wp-content\/uploads\/2023\/05\/Bruno_Bearbeitet-300x300.png 300w, https:\/\/www.hwr.ch\/wp-content\/uploads\/2023\/05\/Bruno_Bearbeitet-150x150.png 150w, https:\/\/www.hwr.ch\/wp-content\/uploads\/2023\/05\/Bruno_Bearbeitet-768x768.png 768w, https:\/\/www.hwr.ch\/wp-content\/uploads\/2023\/05\/Bruno_Bearbeitet-1536x1536.png 1536w, https:\/\/www.hwr.ch\/wp-content\/uploads\/2023\/05\/Bruno_Bearbeitet.png 1600w\" sizes=\"auto, (max-width: 1024px) 100vw, 1024px\" \/><\/figure><div class=\"wp-block-media-text__content\">\n<p class=\"has-large-font-size\" id=\"HUH\"><strong>Bois et produits de rabotage<\/strong><\/p>\n\n\n\n<p class=\"has-medium-font-size\"><strong>Je m'appelle Bruno Feuz et je dirige le d\u00e9partement du bois et des produits de raboterie depuis mi-2018.<\/strong><\/p>\n\n\n\n<p>Nous fabriquons des belles choses en bois et sommes fournisseurs de produits en bois pour les menuiseries, les charpentiers et de nombreux clients priv\u00e9s.<\/p>\n\n\n\n<p><a href=\"https:\/\/www.hwr.ch\/fr\/hwr\/ihre-ansprechpartner\/holz-und-hobelwaren\/\" data-type=\"URL\" data-id=\"https:\/\/www.hwr.ch\/hwr\/ihre-ansprechpartner\/holz-und-hobelwaren\/\">Voici un petit aper\u00e7u des centres de comp\u00e9tences de mon d\u00e9partement<\/a><\/p>\n<\/div><\/div>\n\n\n\n<div class=\"wp-block-media-text alignwide has-media-on-the-right is-stacked-on-mobile\"><div class=\"wp-block-media-text__content\">\n<p class=\"has-large-font-size\" id=\"KNS\"><strong>Construction<\/strong><\/p>\n\n\n\n<p class=\"has-medium-font-size\"><strong>Je m'appelle Am\u00e9rico Dos Santos et je dirige le d\u00e9partement de construction depuis 2014.<\/strong>  <\/p>\n\n\n\n<p>Nous fabriquons et concevons des emballages r\u00e9utilisables pour r\u00e9pondre aux besoins de l'industrie, des PME et des particuliers.<\/p>\n\n\n\n<p><a href=\"https:\/\/www.hwr.ch\/fr\/hwr\/ihre-ansprechpartner\/konstruktion\/\">Voici un petit aper\u00e7u de mes centres de comp\u00e9tences<\/a><\/p>\n<\/div><figure class=\"wp-block-media-text__media\"><img loading=\"lazy\" decoding=\"async\" width=\"1024\" height=\"1024\" src=\"https:\/\/www.hwr.ch\/wp-content\/uploads\/2023\/05\/Americo_Bearbeitet_neu_2-1024x1024.png\" alt=\"\" class=\"wp-image-962 size-full\" srcset=\"https:\/\/www.hwr.ch\/wp-content\/uploads\/2023\/05\/Americo_Bearbeitet_neu_2-1024x1024.png 1024w, https:\/\/www.hwr.ch\/wp-content\/uploads\/2023\/05\/Americo_Bearbeitet_neu_2-300x300.png 300w, https:\/\/www.hwr.ch\/wp-content\/uploads\/2023\/05\/Americo_Bearbeitet_neu_2-150x150.png 150w, https:\/\/www.hwr.ch\/wp-content\/uploads\/2023\/05\/Americo_Bearbeitet_neu_2-768x768.png 768w, https:\/\/www.hwr.ch\/wp-content\/uploads\/2023\/05\/Americo_Bearbeitet_neu_2-1536x1536.png 1536w, https:\/\/www.hwr.ch\/wp-content\/uploads\/2023\/05\/Americo_Bearbeitet_neu_2.png 1600w\" sizes=\"auto, (max-width: 1024px) 100vw, 1024px\" \/><\/figure><\/div>","protected":false},"excerpt":{"rendered":"<p>Verpackungen Ich bin Kim Beetschen und leite seit Anfang 2018 die Abteilung Verpackungen Wir stellen Verpackungen aus Holz, Karton, Schaumstoffen und Kombinationen davon her. Unsere Kunden sind mehrheitlich Industriebetriebe, welche die Verpackungen f\u00fcr Versand und Export einsetzen. Hier gibt es einen kleinen Einblick in meine Kompetenzzenter Kundenprojekte und Packteams Mein Name ist David Klimmek, ich [&hellip;]<\/p>\n","protected":false},"author":1,"featured_media":0,"parent":2,"menu_order":40,"comment_status":"closed","ping_status":"closed","template":"","meta":{"_coblocks_attr":"","_coblocks_dimensions":"","_coblocks_responsive_height":"","_coblocks_accordion_ie_support":"","footnotes":""},"class_list":["post-25","page","type-page","status-publish","hentry"],"_links":{"self":[{"href":"https:\/\/www.hwr.ch\/fr\/wp-json\/wp\/v2\/pages\/25","targetHints":{"allow":["GET"]}}],"collection":[{"href":"https:\/\/www.hwr.ch\/fr\/wp-json\/wp\/v2\/pages"}],"about":[{"href":"https:\/\/www.hwr.ch\/fr\/wp-json\/wp\/v2\/types\/page"}],"author":[{"embeddable":true,"href":"https:\/\/www.hwr.ch\/fr\/wp-json\/wp\/v2\/users\/1"}],"replies":[{"embeddable":true,"href":"https:\/\/www.hwr.ch\/fr\/wp-json\/wp\/v2\/comments?post=25"}],"version-history":[{"count":47,"href":"https:\/\/www.hwr.ch\/fr\/wp-json\/wp\/v2\/pages\/25\/revisions"}],"predecessor-version":[{"id":1436,"href":"https:\/\/www.hwr.ch\/fr\/wp-json\/wp\/v2\/pages\/25\/revisions\/1436"}],"up":[{"embeddable":true,"href":"https:\/\/www.hwr.ch\/fr\/wp-json\/wp\/v2\/pages\/2"}],"wp:attachment":[{"href":"https:\/\/www.hwr.ch\/fr\/wp-json\/wp\/v2\/media?parent=25"}],"curies":[{"name":"wp","href":"https:\/\/api.w.org\/{rel}","templated":true}]}}